{"id":3,"date":"2025-06-03T09:41:51","date_gmt":"2025-06-03T09:41:51","guid":{"rendered":"https:\/\/viachiesa15.com\/?page_id=3"},"modified":"2026-02-04T17:16:31","modified_gmt":"2026-02-04T17:16:31","slug":"datenschutz","status":"publish","type":"page","link":"https:\/\/viachiesa15.com\/it\/datenschutz\/","title":{"rendered":"Protezione dei dati"},"content":{"rendered":"<div data-elementor-type=\"wp-page\" data-elementor-id=\"3\" class=\"elementor elementor-3\" data-elementor-post-type=\"page\">\n\t\t\t\t<div class=\"elementor-element elementor-element-3e0c3ad4 e-flex e-con-boxed e-con e-parent\" data-id=\"3e0c3ad4\" data-element_type=\"container\">\n\t\t\t\t\t<div class=\"e-con-inner\">\n\t\t\t\t\t<\/div>\n\t\t\t\t<\/div>\n\t\t<div class=\"elementor-element elementor-element-07704f1 e-flex e-con-boxed e-con e-parent\" data-id=\"07704f1\" data-element_type=\"container\" data-settings=\"{&quot;background_background&quot;:&quot;slideshow&quot;,&quot;background_slideshow_gallery&quot;:[{&quot;id&quot;:2693,&quot;url&quot;:&quot;http:\\\/\\\/viachiesa15.com\\\/wp-content\\\/uploads\\\/huge170559364679b0e1b4fee1a1e57ddad06c862b5a24.jpg&quot;}],&quot;background_slideshow_loop&quot;:&quot;yes&quot;,&quot;background_slideshow_slide_duration&quot;:5000,&quot;background_slideshow_slide_transition&quot;:&quot;fade&quot;,&quot;background_slideshow_transition_duration&quot;:500}\">\n\t\t\t\t\t<div class=\"e-con-inner\">\n\t\t\t\t<div class=\"elementor-element elementor-element-8f86cbe elementor-widget__width-inherit elementor-widget elementor-widget-heading\" data-id=\"8f86cbe\" data-element_type=\"widget\" data-widget_type=\"heading.default\">\n\t\t\t\t<div class=\"elementor-widget-container\">\n\t\t\t\t\t<h1 class=\"elementor-heading-title elementor-size-default\">Protezione dei dati<\/h1>\t\t\t\t<\/div>\n\t\t\t\t<\/div>\n\t\t\t\t\t<\/div>\n\t\t\t\t<\/div>\n\t\t<div class=\"elementor-element elementor-element-5c27520 e-flex e-con-boxed e-con e-parent\" data-id=\"5c27520\" data-element_type=\"container\">\n\t\t\t\t\t<div class=\"e-con-inner\">\n\t\t\t\t<div class=\"elementor-element elementor-element-c692495 elementor-widget elementor-widget-text-editor\" data-id=\"c692495\" data-element_type=\"widget\" data-widget_type=\"text-editor.default\">\n\t\t\t\t<div class=\"elementor-widget-container\">\n\t\t\t\t\t\t\t\t\t<h2><b>1. informazioni generali<\/b><\/h2>\n<p>\u00a0<\/p>\n<p class=\"p3\">La protezione dei dati personali \u00e8 una preoccupazione importante. La presente informativa sulla privacy fornisce informazioni su quali dati personali vengono raccolti quando si visita questo sito web, per quale scopo vengono raccolti e come vengono gestiti.<\/p>\n<p class=\"p3\">I dati personali sono tutti i dati con i quali \u00e8 possibile un'identificazione personale.<\/p>\n<p class=\"p1\">\u00a0<\/p>\n<hr \/>\n<p>\u00a0<\/p>\n<p class=\"p1\">\u00a0<\/p>\n<h2><b>2. organo responsabile<\/b><\/h2>\n<p>\u00a0<\/p>\n<p class=\"p3\">Responsabile del trattamento dei dati su questo sito \u00e8<\/p>\n<p class=\"p4\"><b>Dott.ssa Sandra Bayer<\/b><b><\/b><\/p>\n<p class=\"p3\">Cap Arcona Weg 2a<\/p>\n<p class=\"p3\">23683 Scharbeutz<\/p>\n<p class=\"p3\">Germania<\/p>\n<p class=\"p4\"><span class=\"s2\">e-mail: <\/span><b>ciao@viachiesa15.com<\/b><b><\/b><\/p>\n<p class=\"p3\">Il responsabile del trattamento \u00e8 la persona fisica che decide da sola le finalit\u00e0 e i mezzi del trattamento dei dati personali.<\/p>\n<p class=\"p1\">\u00a0<\/p>\n<hr \/>\n<p>\u00a0<\/p>\n<p class=\"p1\">\u00a0<\/p>\n<h2><b>3. basi giuridiche del trattamento dei dati<\/b><\/h2>\n<p>\u00a0<\/p>\n<p class=\"p3\">I dati personali sono trattati sulla base delle seguenti norme giuridiche:<\/p>\n<p class=\"p1\">\u00a0<\/p>\n<ul>\n<li>\n<p class=\"p1\">Art. 6 par. 1 lit. a GDPR (consenso)<\/p>\n<\/li>\n<li>\n<p class=\"p1\">Art. 6 par. 1 lit. b GDPR (contratto \/ misure precontrattuali)<\/p>\n<\/li>\n<li>\n<p class=\"p1\">Art. 6 par. 1 lit. c GDPR (obbligo legale)<\/p>\n<\/li>\n<li>\n<p class=\"p1\">Art. 6 par. 1 lit. f GDPR (interesse legittimo)<\/p>\n<\/li>\n<li>\n<p class=\"p1\">\u00a7 Art. 25 TTDSG (Memorizzazione di informazioni sui dispositivi finali)<\/p>\n<\/li>\n<\/ul>\n<p>\u00a0<\/p>\n<p class=\"p1\">\u00a0<\/p>\n<hr \/>\n<p>\u00a0<\/p>\n<p class=\"p1\">\u00a0<\/p>\n<h2><b>4. raccolta dei dati personali durante la visita del sito web<\/b><\/h2>\n<p>\u00a0<\/p>\n<p class=\"p3\">Quando si accede a questo sito web, le informazioni vengono raccolte automaticamente dal provider di hosting e memorizzate temporaneamente nei cosiddetti file di log del server.<\/p>\n<p class=\"p3\">In particolare, copre<\/p>\n<p class=\"p1\">\u00a0<\/p>\n<ul>\n<li>\n<p class=\"p1\">Indirizzo IP (abbreviato o reso anonimo se necessario)<\/p>\n<\/li>\n<li>\n<p class=\"p1\">Data e ora dell'accesso<\/p>\n<\/li>\n<li>\n<p class=\"p1\">pagine visualizzate<\/p>\n<\/li>\n<li>\n<p class=\"p1\">Tipo e versione del browser<\/p>\n<\/li>\n<li>\n<p class=\"p1\">Sistema operativo utilizzato<\/p>\n<\/li>\n<li>\n<p class=\"p1\">URL di riferimento<\/p>\n<\/li>\n<\/ul>\n<p>\u00a0<\/p>\n<p class=\"p3\">Questi dati vengono utilizzati per la fornitura tecnica, la sicurezza del sistema e la stabilit\u00e0 del sito web.<\/p>\n<p class=\"p4\"><b>Base giuridica:<\/b><b><\/b><\/p>\n<p class=\"p3\">Art. 6 par. 1 lit. f GDPR (interesse legittimo)<\/p>\n<p class=\"p1\">\u00a0<\/p>\n<hr \/>\n<p>\u00a0<\/p>\n<p class=\"p1\">\u00a0<\/p>\n<h2><b>5. biscotti<\/b><\/h2>\n<p>\u00a0<\/p>\n<p class=\"p3\">Questo sito web utilizza i cookie. I cookie sono piccoli file di testo che vengono memorizzati sul dispositivo finale e possono svolgere diverse funzioni.<\/p>\n<p class=\"p3\">Vengono utilizzati i cookie:<\/p>\n<p class=\"p1\">\u00a0<\/p>\n<ul>\n<li>\n<p class=\"p1\">per la fornitura tecnicamente necessaria del sito web o<\/p>\n<\/li>\n<li>\n<p class=\"p1\">sulla base del consenso.<\/p>\n<\/li>\n<\/ul>\n<p>\u00a0<\/p>\n<p class=\"p1\">\u00a0<\/p>\n<hr \/>\n<p>\u00a0<\/p>\n<p class=\"p1\">\u00a0<\/p>\n<h2><b>6. gestione del consenso dei cookie (banner dei cookie reali)<\/b><\/h2>\n<p>\u00a0<\/p>\n<p class=\"p3\">Per gestire i cookie e le tecnologie simili utilizzate (ad esempio pixel di tracciamento, web beacon) e i relativi consensi, lo strumento di consenso <span class=\"s3\"><b>\u201eStriscione con i veri biscotti\u201c<\/b><\/span> utilizzato.<\/p>\n<p class=\"p3\">Informazioni dettagliate sul funzionamento di \u201eReal Cookie Banner\u201c sono disponibili all'indirizzo:<\/p>\n<p class=\"p3\">https:\/\/devowl.io\/de\/rcb\/datenverarbeitung\/<\/p>\n<p class=\"p3\">Il trattamento dei dati personali avviene sulla base di<\/p>\n<p class=\"p4\"><b>Art. 6 par. 1 lit. c GDPR<\/b><span class=\"s2\"> e<\/span><\/p>\n<p class=\"p4\"><b>Art. 6 comma 1 lett. f GDPR<\/b><span class=\"s2\">.<\/span><\/p>\n<p class=\"p3\">Il legittimo interesse consiste nella gestione legalmente conforme dei cookie utilizzati e dei relativi consensi.<\/p>\n<p class=\"p3\">Il conferimento dei dati personali non \u00e8 richiesto n\u00e9 legalmente n\u00e9 contrattualmente. Tuttavia, il consenso non pu\u00f2 essere gestito senza questi dati.<\/p>\n<p class=\"p1\">\u00a0<\/p>\n<hr \/>\n<p>\u00a0<\/p>\n<p class=\"p1\">\u00a0<\/p>\n<h2><b>7. utilizzo di Google Analytics<\/b><\/h2>\n<p>\u00a0<\/p>\n<p class=\"p3\">Questo sito web utilizza <span class=\"s3\"><b>Google Analytics<\/b><\/span>, un servizio di analisi web di Google Ireland Limited, Gordon House, Barrow Street, Dublino 4, Irlanda.<\/p>\n<p class=\"p3\">Google Analytics utilizza i cookie per aiutare il sito web ad analizzare come gli utenti utilizzano il sito. Le informazioni generate dai cookie vengono solitamente trasmesse ai server di Google e l\u00ec memorizzate.<\/p>\n<p class=\"p3\">In questo sito web il <span class=\"s3\"><b>Anonimizzazione dell'IP<\/b><\/span> attivato. L'indirizzo IP viene troncato all'interno dell'UE o del SEE prima che avvenga la trasmissione.<\/p>\n<p class=\"p3\">Google elabora queste informazioni per conto del titolare del trattamento allo scopo di analizzare l'utilizzo del sito web, compilare report e fornire altri servizi relativi alle attivit\u00e0 del sito web e all'utilizzo di Internet.<\/p>\n<p class=\"p1\">\u00a0<\/p>\n<hr \/>\n<p>\u00a0<\/p>\n<p class=\"p1\">\u00a0<\/p>\n<h3><b>Base giuridica<\/b><\/h3>\n<p>\u00a0<\/p>\n<p class=\"p3\">Il trattamento avviene esclusivamente sulla base del consenso, in conformit\u00e0 a quanto previsto da<\/p>\n<p class=\"p4\"><b>Art. 6 comma 1 lett. a GDPR<\/b><span class=\"s2\"> e<\/span><\/p>\n<p class=\"p4\"><b>\u00a7 Articolo 25 (1) TTDSG<\/b><span class=\"s2\">.<\/span><\/p>\n<p class=\"p3\">Il consenso viene dato tramite <span class=\"s3\"><b>Banner di biscotti reali<\/b><\/span> e pu\u00f2 essere revocato in qualsiasi momento.<\/p>\n<p class=\"p1\">\u00a0<\/p>\n<hr \/>\n<p>\u00a0<\/p>\n<p class=\"p1\">\u00a0<\/p>\n<h3><b>Trasferimento dei dati a paesi terzi<\/b><\/h3>\n<p>\u00a0<\/p>\n<p class=\"p3\">Non si pu\u00f2 escludere che i dati personali vengano trasmessi ai server di Google LLC negli Stati Uniti.<\/p>\n<p class=\"p3\">A tal fine, Google utilizza i metodi di elaborazione dei dati approvati dalla Commissione UE. <span class=\"s3\"><b>Clausole contrattuali standard<\/b><\/span> ai sensi dell'art. 46 del GDPR.<\/p>\n<p class=\"p3\">Ulteriori informazioni:<\/p>\n<p class=\"p3\">https:\/\/policies.google.com\/privacy<\/p>\n<p class=\"p1\">\u00a0<\/p>\n<hr \/>\n<p>\u00a0<\/p>\n<p class=\"p1\">\u00a0<\/p>\n<h3><b>Durata della conservazione<\/b><\/h3>\n<p>\u00a0<\/p>\n<p class=\"p3\">Il periodo di conservazione dipende dai periodi di conservazione specificati in Google Analytics.<\/p>\n<p class=\"p1\">\u00a0<\/p>\n<hr \/>\n<p>\u00a0<\/p>\n<p class=\"p1\">\u00a0<\/p>\n<h3><b>Revoca del consenso<\/b><\/h3>\n<p>\u00a0<\/p>\n<p class=\"p3\">La raccolta da parte di Google Analytics pu\u00f2 essere disattivata in qualsiasi momento tramite le impostazioni dei cookie.<\/p>\n<p class=\"p3\">Inoltre, la raccolta pu\u00f2 essere impedita da un plugin del browser:<\/p>\n<p class=\"p3\">https:\/\/tools.google.com\/dlpage\/gaoptout<\/p>\n<p class=\"p1\">\u00a0<\/p>\n<hr \/>\n<p>\u00a0<\/p>\n<p class=\"p1\">\u00a0<\/p>\n<h2><b>8. contatto via e-mail<\/b><\/h2>\n<p>\u00a0<\/p>\n<p class=\"p3\">Se ci contattate via e-mail, i dati personali trasmessi saranno trattati esclusivamente per evadere la vostra richiesta.<\/p>\n<p class=\"p4\"><b>Base giuridica:<\/b><b><\/b><\/p>\n<p class=\"p3\">Art. 6 par. 1 lit. b GDPR o Art. 6 par. 1 lit. f GDPR<\/p>\n<p class=\"p1\">\u00a0<\/p>\n<hr \/>\n<p>\u00a0<\/p>\n<p class=\"p1\">\u00a0<\/p>\n<h2><b>9. divulgazione dei dati<\/b><\/h2>\n<p>\u00a0<\/p>\n<p class=\"p3\">I dati personali saranno trasmessi esclusivamente:<\/p>\n<p class=\"p1\">\u00a0<\/p>\n<ul>\n<li>\n<p class=\"p1\">in caso di obbligo legale<\/p>\n<\/li>\n<li>\n<p class=\"p1\">se \u00e8 stato dato il consenso<\/p>\n<\/li>\n<li>\n<p class=\"p1\">per la fornitura tecnica del sito web<\/p>\n<\/li>\n<\/ul>\n<p>\u00a0<\/p>\n<p class=\"p1\">\u00a0<\/p>\n<hr \/>\n<p>\u00a0<\/p>\n<p class=\"p1\">\u00a0<\/p>\n<h2><b>10. periodo di conservazione<\/b><\/h2>\n<p>\u00a0<\/p>\n<p class=\"p3\">I dati personali vengono conservati solo per il tempo necessario al rispettivo scopo o per gli obblighi di conservazione previsti dalla legge.<\/p>\n<p class=\"p1\">\u00a0<\/p>\n<hr \/>\n<p>\u00a0<\/p>\n<p class=\"p1\">\u00a0<\/p>\n<h2><b>11 Diritti degli interessati<\/b><\/h2>\n<p>\u00a0<\/p>\n<p class=\"p3\">Gli interessati hanno il diritto di:<\/p>\n<p class=\"p1\">\u00a0<\/p>\n<ul>\n<li>\n<p class=\"p1\">Informazioni (Art. 15 GDPR)<\/p>\n<\/li>\n<li>\n<p class=\"p1\">Rettifica (art. 16 GDPR)<\/p>\n<\/li>\n<li>\n<p class=\"p1\">Cancellazione (art. 17 GDPR)<\/p>\n<\/li>\n<li>\n<p class=\"p1\">Restrizione (art. 18 GDPR)<\/p>\n<\/li>\n<li>\n<p class=\"p1\">Portabilit\u00e0 dei dati (art. 20 GDPR)<\/p>\n<\/li>\n<li>\n<p class=\"p1\">Obiezione (Art. 21 GDPR)<\/p>\n<\/li>\n<\/ul>\n<p>\u00a0<\/p>\n<p class=\"p3\">Le richieste di informazioni possono essere effettuate in qualsiasi momento via e-mail.<\/p>\n<p class=\"p1\">\u00a0<\/p>\n<hr \/>\n<p>\u00a0<\/p>\n<p class=\"p1\">\u00a0<\/p>\n<h2><b>12. diritto di appello<\/b><\/h2>\n<p>\u00a0<\/p>\n<p class=\"p3\">Avete il diritto di presentare un reclamo all'autorit\u00e0 di controllo della protezione dei dati competente.<\/p>\n<p class=\"p3\">In particolare, \u00e8 responsabile l'autorit\u00e0 di vigilanza del Land Schleswig-Holstein.<\/p>\n<p class=\"p1\">\u00a0<\/p>\n<hr \/>\n<p>\u00a0<\/p>\n<p class=\"p1\">\u00a0<\/p>\n<h2><b>13. attualit\u00e0 e cambiamenti<\/b><\/h2>\n<p>\u00a0<\/p>\n<p class=\"p3\">La presente informativa sulla privacy \u00e8 attualmente valida.<\/p>\n<p class=\"p3\">A causa di ulteriori sviluppi del sito web o di modifiche legali, potrebbe essere necessario un adeguamento.<\/p>\t\t\t\t\t\t\t\t<\/div>\n\t\t\t\t<\/div>\n\t\t\t\t\t<\/div>\n\t\t\t\t<\/div>\n\t\t<div class=\"elementor-element elementor-element-a9ec7a7 e-flex e-con-boxed e-con e-parent\" data-id=\"a9ec7a7\" data-element_type=\"container\">\n\t\t\t\t\t<div class=\"e-con-inner\">\n\t\t\t\t<div class=\"elementor-element elementor-element-5a15aeb elementor-widget elementor-widget-spacer\" data-id=\"5a15aeb\" data-element_type=\"widget\" data-widget_type=\"spacer.default\">\n\t\t\t\t<div class=\"elementor-widget-container\">\n\t\t\t\t\t\t\t<div class=\"elementor-spacer\">\n\t\t\t<div class=\"elementor-spacer-inner\"><\/div>\n\t\t<\/div>\n\t\t\t\t\t\t<\/div>\n\t\t\t\t<\/div>\n\t\t\t\t\t<\/div>\n\t\t\t\t<\/div>\n\t\t\t\t<\/div>","protected":false},"excerpt":{"rendered":"<p>Datenschutz 1. Allgemeine Hinweise \u00a0 Der Schutz personenbezogener Daten ist ein wichtiges Anliegen. Diese Datenschutzerkl\u00e4rung informiert dar\u00fcber, welche personenbezogenen Daten beim Besuch dieser Website erhoben werden, zu welchem Zweck dies geschieht und wie mit diesen Daten umgegangen wird. Personenbezogene Daten sind alle Daten, mit denen eine pers\u00f6nliche Identifizierung m\u00f6glich ist. \u00a0 \u00a0 \u00a0 2. Verantwortliche [&hellip;]<\/p>","protected":false},"author":1,"featured_media":0,"parent":0,"menu_order":0,"comment_status":"closed","ping_status":"closed","template":"","meta":{"inline_featured_image":false,"footnotes":""},"class_list":["post-3","page","type-page","status-publish","hentry"],"_hostinger_reach_plugin_has_subscription_block":false,"_hostinger_reach_plugin_is_elementor":false,"_links":{"self":[{"href":"https:\/\/viachiesa15.com\/it\/wp-json\/wp\/v2\/pages\/3","targetHints":{"allow":["GET"]}}],"collection":[{"href":"https:\/\/viachiesa15.com\/it\/wp-json\/wp\/v2\/pages"}],"about":[{"href":"https:\/\/viachiesa15.com\/it\/wp-json\/wp\/v2\/types\/page"}],"author":[{"embeddable":true,"href":"https:\/\/viachiesa15.com\/it\/wp-json\/wp\/v2\/users\/1"}],"replies":[{"embeddable":true,"href":"https:\/\/viachiesa15.com\/it\/wp-json\/wp\/v2\/comments?post=3"}],"version-history":[{"count":5,"href":"https:\/\/viachiesa15.com\/it\/wp-json\/wp\/v2\/pages\/3\/revisions"}],"predecessor-version":[{"id":2880,"href":"https:\/\/viachiesa15.com\/it\/wp-json\/wp\/v2\/pages\/3\/revisions\/2880"}],"wp:attachment":[{"href":"https:\/\/viachiesa15.com\/it\/wp-json\/wp\/v2\/media?parent=3"}],"curies":[{"name":"wp","href":"https:\/\/api.w.org\/{rel}","templated":true}]}}