{"id":2844,"date":"2026-01-18T19:42:18","date_gmt":"2026-01-18T19:42:18","guid":{"rendered":"https:\/\/viachiesa15.com\/?page_id=2844"},"modified":"2026-02-07T16:08:56","modified_gmt":"2026-02-07T16:08:56","slug":"urlaub-mit-hund","status":"publish","type":"page","link":"https:\/\/viachiesa15.com\/it\/urlaub-mit-hund\/","title":{"rendered":"Vacanze con il cane"},"content":{"rendered":"<div data-elementor-type=\"wp-page\" data-elementor-id=\"2844\" class=\"elementor elementor-2844\" data-elementor-settings=\"{&quot;scroll_snap&quot;:&quot;yes&quot;}\" data-elementor-post-type=\"page\">\n\t\t\t\t<div class=\"elementor-element elementor-element-0ded07d e-flex e-con-boxed e-con e-parent\" data-id=\"0ded07d\" data-element_type=\"container\" data-settings=\"{&quot;background_background&quot;:&quot;slideshow&quot;,&quot;background_slideshow_gallery&quot;:[{&quot;id&quot;:2846,&quot;url&quot;:&quot;http:\\\/\\\/viachiesa15.com\\\/wp-content\\\/uploads\\\/IMG_6039-scaled.jpeg&quot;}],&quot;background_slideshow_loop&quot;:&quot;yes&quot;,&quot;background_slideshow_slide_duration&quot;:5000,&quot;background_slideshow_slide_transition&quot;:&quot;fade&quot;,&quot;background_slideshow_transition_duration&quot;:500}\">\n\t\t\t\t\t<div class=\"e-con-inner\">\n\t\t\t\t<div class=\"elementor-element elementor-element-6ac3b93 elementor-widget__width-inherit elementor-widget elementor-widget-heading\" data-id=\"6ac3b93\" data-element_type=\"widget\" data-widget_type=\"heading.default\">\n\t\t\t\t<div class=\"elementor-widget-container\">\n\t\t\t\t\t<h1 class=\"elementor-heading-title elementor-size-default\">Gassi, Gelato, Lago di Garda<\/h1>\t\t\t\t<\/div>\n\t\t\t\t<\/div>\n\t\t\t\t<div class=\"elementor-element elementor-element-35c021f elementor-widget elementor-widget-html\" data-id=\"35c021f\" data-element_type=\"widget\" data-widget_type=\"html.default\">\n\t\t\t\t<div class=\"elementor-widget-container\">\n\t\t\t\t\t<style>\n  :root {\n    --ldg-psb-button-border-radius: 0.42em;\n    --ldg-psb-color-primary: #e9406a;\n    --ldg-psb-color-primary-lighter:#f4a0b5;\n    --ldg-psb-color-primary-darker: #752035;\n    --ldg-psb-color-primary-contrast: #ffffff;\n    --ldg-semantic-color-primary:  #e9406a;\n    --ldg-semantic-color-primary-lighter: #f4a0b5;\n    --ldg-semantic-color-primary-darker: #752035;\n    --ldg-semantic-color-primary-contrast: #ffffff !important;\n    --ldg-component-modal-z-index: 999;\n  }\n  #lodgify-search-bar {\n    width:100%;\n  }\n<\/style>\n<div\n  id=\"lodgify-search-bar\"\n  data-website-id=\"624199\"\n  data-language-code=\"de\"\n  data-checkout-page-url='https:\/\/checkout.lodgify.com\/viachiesa15\/de\/#\/759493'\n  \n  data-dates-check-in-label='Check-in'\n  data-dates-check-out-label='Check-out'\n  data-guests-counter-label='G\u00e4ste'\n  data-guests-input-singular-label='{{NumberOfGuests}} Gast'\n  data-guests-input-plural-label='{{NumberOfGuests}} G\u00e4ste'\n  data-location-input-label='Ort'\n  data-search-button-label='Suche'\n  data-dates-input-min-stay-tooltip-text='{\"one\":\"Mindestens {minStay} Nacht\",\"other\":\"Mindestens {minStay} N\\u00e4chte\"}'\n  data-guests-breakdown-label='G\u00e4ste'\n  data-adults-label='{\"one\":\"Erwachsener\",\"other\":\"Erwachsene\"}'\n  data-adults-description='Alter: {minAge} oder \u00e4lter'\n  data-children-label='{\"one\":\"Kind\",\"other\":\"Kinder\"}'\n  data-children-description='Alter {minAge} \u2013 {maxAge}'\n  data-children-not-allowed-label='Nicht f\u00fcr Kinder geeignet'\n  data-infants-label='{\"one\":\"Kleinkind\",\"other\":\"Kleinkinder\"}'\n  data-infants-description='Unter {maxAge}'\n  data-infants-not-allowed-label='Nicht f\u00fcr Kleinkinder geeignet'\n  data-pets-label='{\"one\":\"Haustier\",\"other\":\"Haustiere\"}'\n  data-pets-not-allowed-label='Nicht erlaubt'\n  data-done-label='Fertig'\n  \n  data-new-tab=\"true\"\n  data-version=\"stable\"\n  data-has-guests-breakdown\n><\/div>\n\n<script src=\"https:\/\/app.lodgify.com\/portable-search-bar\/stable\/renderPortableSearchBar.js\" defer><\/script>\t\t\t\t<\/div>\n\t\t\t\t<\/div>\n\t\t\t\t\t<\/div>\n\t\t\t\t<\/div>\n\t\t<div class=\"elementor-element elementor-element-cc6a519 slide e-flex e-con-boxed e-con e-parent\" data-id=\"cc6a519\" data-element_type=\"container\" data-settings=\"{&quot;background_background&quot;:&quot;classic&quot;}\">\n\t\t\t\t\t<div class=\"e-con-inner\">\n\t\t<div class=\"elementor-element elementor-element-cda5960 e-con-full mobile-snap e-flex e-con e-child\" data-id=\"cda5960\" data-element_type=\"container\" data-settings=\"{&quot;background_background&quot;:&quot;slideshow&quot;,&quot;background_slideshow_gallery&quot;:[],&quot;background_slideshow_loop&quot;:&quot;yes&quot;,&quot;background_slideshow_slide_duration&quot;:5000,&quot;background_slideshow_slide_transition&quot;:&quot;fade&quot;,&quot;background_slideshow_transition_duration&quot;:500}\">\n\t\t\t\t<div class=\"elementor-element elementor-element-645c0fa elementor-widget elementor-widget-image\" data-id=\"645c0fa\" data-element_type=\"widget\" data-widget_type=\"image.default\">\n\t\t\t\t<div class=\"elementor-widget-container\">\n\t\t\t\t\t\t\t\t\t\t\t\t\t\t\t<img fetchpriority=\"high\" decoding=\"async\" width=\"800\" height=\"800\" src=\"https:\/\/viachiesa15.com\/wp-content\/uploads\/PHOTO-2026-01-18-19-22-36.jpg\" class=\"attachment-full size-full wp-image-2850\" alt=\"\" srcset=\"https:\/\/viachiesa15.com\/wp-content\/uploads\/PHOTO-2026-01-18-19-22-36.jpg 800w, https:\/\/viachiesa15.com\/wp-content\/uploads\/PHOTO-2026-01-18-19-22-36-300x300.jpg 300w, https:\/\/viachiesa15.com\/wp-content\/uploads\/PHOTO-2026-01-18-19-22-36-150x150.jpg 150w, https:\/\/viachiesa15.com\/wp-content\/uploads\/PHOTO-2026-01-18-19-22-36-768x768.jpg 768w, https:\/\/viachiesa15.com\/wp-content\/uploads\/PHOTO-2026-01-18-19-22-36-12x12.jpg 12w\" sizes=\"(max-width: 800px) 100vw, 800px\" \/>\t\t\t\t\t\t\t\t\t\t\t\t\t\t\t<\/div>\n\t\t\t\t<\/div>\n\t\t\t\t<\/div>\n\t\t<div class=\"elementor-element elementor-element-e5e2bdf e-con-full mobile-snap e-flex e-con e-child\" data-id=\"e5e2bdf\" data-element_type=\"container\">\n\t\t\t\t<div class=\"elementor-element elementor-element-0b438fc elementor-widget elementor-widget-heading\" data-id=\"0b438fc\" data-element_type=\"widget\" data-widget_type=\"heading.default\">\n\t\t\t\t<div class=\"elementor-widget-container\">\n\t\t\t\t\t<h2 class=\"elementor-heading-title elementor-size-default\">Vacanze con il cane sul lago di Garda<\/h2>\t\t\t\t<\/div>\n\t\t\t\t<\/div>\n\t\t\t\t<div class=\"elementor-element elementor-element-f319967 elementor-widget elementor-widget-text-editor\" data-id=\"f319967\" data-element_type=\"widget\" data-widget_type=\"text-editor.default\">\n\t\t\t\t<div class=\"elementor-widget-container\">\n\t\t\t\t\t\t\t\t\t<p>Il Lago di Garda \u00e8 un luogo meraviglioso per le vacanze con i cani e Calmasino \u00e8 un punto di partenza particolarmente rilassante. Da VIACHIESA15, l'esperienza di vacanza per gli amici a due e quattro zampe inizia proprio davanti alla porta di casa.<\/p><p>Pochi passi sopra la casa, all'altezza della chiesa di Calmasino, inizia una <strong>passeggiata idilliaca<\/strong> attraverso i vigneti circostanti. Privo di auto, tranquillo e perfetto per la prima passeggiata del mattino o per una rilassante passeggiata serale.  Sia in direzione di <strong>La Rocca<\/strong>, sul <strong>Monte Moscal<\/strong> o attraverso le dolci colline intorno al paese: qui potrete scoprire il Lago di Garda dal suo lato naturale.<\/p><p>Nelle prime ore del mattino, prima che la giornata entri nel vivo, potete anche portare il cane a fare una passeggiata. <strong>Saltare insieme nel lago<\/strong> - Tranquillo, rinfrescante e senza confusione.<\/p>\t\t\t\t\t\t\t\t<\/div>\n\t\t\t\t<\/div>\n\t\t\t\t<\/div>\n\t\t\t\t\t<\/div>\n\t\t\t\t<\/div>\n\t\t<div class=\"elementor-element elementor-element-685abca slide e-flex e-con-boxed e-con e-parent\" data-id=\"685abca\" data-element_type=\"container\" data-settings=\"{&quot;background_background&quot;:&quot;classic&quot;}\">\n\t\t\t\t\t<div class=\"e-con-inner\">\n\t\t<div class=\"elementor-element elementor-element-51b2a65 e-con-full mobile-snap e-flex e-con e-child\" data-id=\"51b2a65\" data-element_type=\"container\">\n\t\t\t\t<div class=\"elementor-element elementor-element-6b1f577 elementor-widget elementor-widget-text-editor\" data-id=\"6b1f577\" data-element_type=\"widget\" data-widget_type=\"text-editor.default\">\n\t\t\t\t<div class=\"elementor-widget-container\">\n\t\t\t\t\t\t\t\t\t<p><strong>VIACHIESA15<\/strong> si trova nel centro della citt\u00e0, in un vicolo senza auto. Si apre la porta d'ingresso, si sta fuori e si pu\u00f2 partire immediatamente.<\/p><p>Non c'\u00e8 un giardino privato, ma il rustico \u00e8 piacevole. <strong>fresco<\/strong>, <strong>aria condizionata<\/strong> e <strong>posizione tranquilla<\/strong>. Ideale per lasciare il cane in casa quando si va in esplorazione o per trascorrere una serata in uno dei bar o ristoranti vicini. Tutto \u00e8 raggiungibile a piedi.<\/p><p>Per una maggiore variet\u00e0, nelle vicinanze c'\u00e8 un parco per cani con attrezzature per l'addestramento (ad esempio una rampa), perfetto per l'esercizio fisico e per brevi sessioni di allenamento.<\/p><p>Anche il lago non \u00e8 off-limits per i cani: tra Garda e Bardolino, i cani possono andare in spiaggia se non ci sono altre persone. Le spiagge speciali per cani e le norme vigenti sono disponibili sul sito: <br \/><span style=\"text-decoration: underline;\"><strong><a href=\"https:\/\/www.gardasee.de\/hundestraende\" target=\"_blank\" rel=\"noopener\">https:\/\/www.gardasee.de\/hundestraende<\/a><\/strong><\/span><\/p>\t\t\t\t\t\t\t\t<\/div>\n\t\t\t\t<\/div>\n\t\t\t\t<\/div>\n\t\t<div class=\"elementor-element elementor-element-a1503dc e-con-full mobile-snap e-flex e-con e-child\" data-id=\"a1503dc\" data-element_type=\"container\" data-settings=\"{&quot;background_background&quot;:&quot;slideshow&quot;,&quot;background_slideshow_gallery&quot;:[],&quot;background_slideshow_loop&quot;:&quot;yes&quot;,&quot;background_slideshow_slide_duration&quot;:5000,&quot;background_slideshow_slide_transition&quot;:&quot;fade&quot;,&quot;background_slideshow_transition_duration&quot;:500}\">\n\t\t\t\t<div class=\"elementor-element elementor-element-4e07d40 elementor-widget elementor-widget-image\" data-id=\"4e07d40\" data-element_type=\"widget\" data-widget_type=\"image.default\">\n\t\t\t\t<div class=\"elementor-widget-container\">\n\t\t\t\t\t\t\t\t\t\t\t\t\t\t\t<img decoding=\"async\" width=\"2000\" height=\"2000\" src=\"https:\/\/viachiesa15.com\/wp-content\/uploads\/IMG_2208-B.jpg\" class=\"attachment-full size-full wp-image-2852\" alt=\"\" srcset=\"https:\/\/viachiesa15.com\/wp-content\/uploads\/IMG_2208-B.jpg 2000w, https:\/\/viachiesa15.com\/wp-content\/uploads\/IMG_2208-B-300x300.jpg 300w, https:\/\/viachiesa15.com\/wp-content\/uploads\/IMG_2208-B-1024x1024.jpg 1024w, https:\/\/viachiesa15.com\/wp-content\/uploads\/IMG_2208-B-150x150.jpg 150w, https:\/\/viachiesa15.com\/wp-content\/uploads\/IMG_2208-B-768x768.jpg 768w, https:\/\/viachiesa15.com\/wp-content\/uploads\/IMG_2208-B-1536x1536.jpg 1536w, https:\/\/viachiesa15.com\/wp-content\/uploads\/IMG_2208-B-12x12.jpg 12w\" sizes=\"(max-width: 2000px) 100vw, 2000px\" \/>\t\t\t\t\t\t\t\t\t\t\t\t\t\t\t<\/div>\n\t\t\t\t<\/div>\n\t\t\t\t<\/div>\n\t\t\t\t\t<\/div>\n\t\t\t\t<\/div>\n\t\t<div class=\"elementor-element elementor-element-4e64869 slide e-flex e-con-boxed e-con e-parent\" data-id=\"4e64869\" data-element_type=\"container\" data-settings=\"{&quot;background_background&quot;:&quot;classic&quot;}\">\n\t\t\t\t\t<div class=\"e-con-inner\">\n\t\t<div class=\"elementor-element elementor-element-11df002 e-con-full mobile-snap e-flex e-con e-child\" data-id=\"11df002\" data-element_type=\"container\" data-settings=\"{&quot;background_background&quot;:&quot;slideshow&quot;,&quot;background_slideshow_gallery&quot;:[],&quot;background_slideshow_loop&quot;:&quot;yes&quot;,&quot;background_slideshow_slide_duration&quot;:5000,&quot;background_slideshow_slide_transition&quot;:&quot;fade&quot;,&quot;background_slideshow_transition_duration&quot;:500}\">\n\t\t\t\t<div class=\"elementor-element elementor-element-aad592d elementor-widget elementor-widget-image\" data-id=\"aad592d\" data-element_type=\"widget\" data-widget_type=\"image.default\">\n\t\t\t\t<div class=\"elementor-widget-container\">\n\t\t\t\t\t\t\t\t\t\t\t\t\t\t\t<img decoding=\"async\" width=\"2000\" height=\"2000\" src=\"https:\/\/viachiesa15.com\/wp-content\/uploads\/IMG_6132-B.jpg\" class=\"attachment-full size-full wp-image-2853\" alt=\"\" srcset=\"https:\/\/viachiesa15.com\/wp-content\/uploads\/IMG_6132-B.jpg 2000w, https:\/\/viachiesa15.com\/wp-content\/uploads\/IMG_6132-B-300x300.jpg 300w, https:\/\/viachiesa15.com\/wp-content\/uploads\/IMG_6132-B-1024x1024.jpg 1024w, https:\/\/viachiesa15.com\/wp-content\/uploads\/IMG_6132-B-150x150.jpg 150w, https:\/\/viachiesa15.com\/wp-content\/uploads\/IMG_6132-B-768x768.jpg 768w, https:\/\/viachiesa15.com\/wp-content\/uploads\/IMG_6132-B-1536x1536.jpg 1536w, https:\/\/viachiesa15.com\/wp-content\/uploads\/IMG_6132-B-12x12.jpg 12w\" sizes=\"(max-width: 2000px) 100vw, 2000px\" \/>\t\t\t\t\t\t\t\t\t\t\t\t\t\t\t<\/div>\n\t\t\t\t<\/div>\n\t\t\t\t<\/div>\n\t\t<div class=\"elementor-element elementor-element-10b99be e-con-full mobile-snap e-flex e-con e-child\" data-id=\"10b99be\" data-element_type=\"container\">\n\t\t\t\t<div class=\"elementor-element elementor-element-f31b0f2 elementor-widget elementor-widget-text-editor\" data-id=\"f31b0f2\" data-element_type=\"widget\" data-widget_type=\"text-editor.default\">\n\t\t\t\t<div class=\"elementor-widget-container\">\n\t\t\t\t\t\t\t\t\t<p><strong>VIACHIESA15<\/strong> \u00e8 quindi il luogo ideale per chi vuole vivere il Lago di Garda insieme al proprio cane in modo rilassato, naturale e autentico, con distanze ridotte, tanta libert\u00e0 e una vera attitudine italiana alla vita.<\/p><p>Il prossimo <b>Veterinario<\/b> si trova in <b>Cavaion Veronese<\/b>: <strong><span style=\"text-decoration: underline;\"><a href=\"https:\/\/www.gardasee-hotels.net\/tieraerzte.html\" target=\"_blank\" rel=\"noopener\">https:\/\/www.gardasee-hotels.net\/tieraerzte.html<\/a><\/span><\/strong><\/p><p>Il prossimo <b>Negozio di prodotti alimentari &amp; co. <\/b>in <b>Affi<\/b> nel centro commerciale:<\/p><p><strong><span style=\"text-decoration: underline;\"><a href=\"https:\/\/negozi.arcaplanet.it\/veneto\/vr\/affi-localit\u00e0-canove-1-e3\" target=\"_blank\" rel=\"noopener\">https:\/\/negozi.arcaplanet.it\/veneto\/vr\/affi-localit\u00e0-canove-1-e3<\/a><\/span><\/strong><\/p>\t\t\t\t\t\t\t\t<\/div>\n\t\t\t\t<\/div>\n\t\t\t\t<\/div>\n\t\t\t\t\t<\/div>\n\t\t\t\t<\/div>\n\t\t\t\t<\/div>","protected":false},"excerpt":{"rendered":"<p>Gassi, Gelato, Gardasee Urlaub mit dem Hund am Gardasee Der Gardasee ist ein wunderbarer Ort f\u00fcr Urlaub mit Hund \u2013 und Calmasino ein besonders entspannter Ausgangspunkt daf\u00fcr. Rund um VIACHIESA15 beginnt das Urlaubserlebnis f\u00fcr Zwei- und Vierbeiner direkt vor der Haust\u00fcr. Schon wenige Schritte oberhalb des Hauses, an der Kirche von Calmasino, startet ein idyllischer [&hellip;]<\/p>","protected":false},"author":5,"featured_media":0,"parent":0,"menu_order":0,"comment_status":"closed","ping_status":"closed","template":"","meta":{"inline_featured_image":false,"footnotes":""},"class_list":["post-2844","page","type-page","status-publish","hentry"],"_hostinger_reach_plugin_has_subscription_block":false,"_hostinger_reach_plugin_is_elementor":false,"_links":{"self":[{"href":"https:\/\/viachiesa15.com\/it\/wp-json\/wp\/v2\/pages\/2844","targetHints":{"allow":["GET"]}}],"collection":[{"href":"https:\/\/viachiesa15.com\/it\/wp-json\/wp\/v2\/pages"}],"about":[{"href":"https:\/\/viachiesa15.com\/it\/wp-json\/wp\/v2\/types\/page"}],"author":[{"embeddable":true,"href":"https:\/\/viachiesa15.com\/it\/wp-json\/wp\/v2\/users\/5"}],"replies":[{"embeddable":true,"href":"https:\/\/viachiesa15.com\/it\/wp-json\/wp\/v2\/comments?post=2844"}],"version-history":[{"count":19,"href":"https:\/\/viachiesa15.com\/it\/wp-json\/wp\/v2\/pages\/2844\/revisions"}],"predecessor-version":[{"id":2901,"href":"https:\/\/viachiesa15.com\/it\/wp-json\/wp\/v2\/pages\/2844\/revisions\/2901"}],"wp:attachment":[{"href":"https:\/\/viachiesa15.com\/it\/wp-json\/wp\/v2\/media?parent=2844"}],"curies":[{"name":"wp","href":"https:\/\/api.w.org\/{rel}","templated":true}]}}