{"id":1764,"date":"2025-08-21T07:42:41","date_gmt":"2025-08-21T07:42:41","guid":{"rendered":"https:\/\/viachiesa15.com\/?page_id=1764"},"modified":"2026-02-07T18:01:56","modified_gmt":"2026-02-07T18:01:56","slug":"home","status":"publish","type":"page","link":"https:\/\/viachiesa15.com\/it\/","title":{"rendered":"Casa"},"content":{"rendered":"<div data-elementor-type=\"wp-page\" data-elementor-id=\"1764\" class=\"elementor elementor-1764\" data-elementor-settings=\"{&quot;scroll_snap&quot;:&quot;yes&quot;}\" data-elementor-post-type=\"page\">\n\t\t\t\t<div class=\"elementor-element elementor-element-0ded07d e-flex e-con-boxed e-con e-parent\" data-id=\"0ded07d\" data-element_type=\"container\" data-settings=\"{&quot;background_background&quot;:&quot;slideshow&quot;,&quot;background_slideshow_gallery&quot;:[{&quot;id&quot;:2693,&quot;url&quot;:&quot;http:\\\/\\\/viachiesa15.com\\\/wp-content\\\/uploads\\\/huge170559364679b0e1b4fee1a1e57ddad06c862b5a24.jpg&quot;}],&quot;background_slideshow_loop&quot;:&quot;yes&quot;,&quot;background_slideshow_slide_duration&quot;:5000,&quot;background_slideshow_slide_transition&quot;:&quot;fade&quot;,&quot;background_slideshow_transition_duration&quot;:500}\">\n\t\t\t\t\t<div class=\"e-con-inner\">\n\t\t\t\t<div class=\"elementor-element elementor-element-6ac3b93 elementor-widget__width-inherit elementor-widget elementor-widget-heading\" data-id=\"6ac3b93\" data-element_type=\"widget\" data-widget_type=\"heading.default\">\n\t\t\t\t<div class=\"elementor-widget-container\">\n\t\t\t\t\t<h1 class=\"elementor-heading-title elementor-size-default\">Ciao, belli!<\/h1>\t\t\t\t<\/div>\n\t\t\t\t<\/div>\n\t\t\t\t<div class=\"elementor-element elementor-element-4cd1191 elementor-widget elementor-widget-spacer\" data-id=\"4cd1191\" data-element_type=\"widget\" data-widget_type=\"spacer.default\">\n\t\t\t\t<div class=\"elementor-widget-container\">\n\t\t\t\t\t\t\t<div class=\"elementor-spacer\">\n\t\t\t<div class=\"elementor-spacer-inner\"><\/div>\n\t\t<\/div>\n\t\t\t\t\t\t<\/div>\n\t\t\t\t<\/div>\n\t\t\t\t<div class=\"elementor-element elementor-element-35c021f elementor-widget elementor-widget-html\" data-id=\"35c021f\" data-element_type=\"widget\" data-widget_type=\"html.default\">\n\t\t\t\t<div class=\"elementor-widget-container\">\n\t\t\t\t\t<style>\n  :root {\n    --ldg-psb-button-border-radius: 0.42em;\n    --ldg-psb-color-primary: #e9406a;\n    --ldg-psb-color-primary-lighter:#f4a0b5;\n    --ldg-psb-color-primary-darker: #752035;\n    --ldg-psb-color-primary-contrast: #ffffff;\n    --ldg-semantic-color-primary:  #e9406a;\n    --ldg-semantic-color-primary-lighter: #f4a0b5;\n    --ldg-semantic-color-primary-darker: #752035;\n    --ldg-semantic-color-primary-contrast: #ffffff !important;\n    --ldg-component-modal-z-index: 999;\n  }\n  #lodgify-search-bar {\n    width:100%;\n  }\n<\/style>\n<div\n  id=\"lodgify-search-bar\"\n  data-website-id=\"624199\"\n  data-language-code=\"de\"\n  data-checkout-page-url='https:\/\/checkout.lodgify.com\/viachiesa15\/de\/#\/759493'\n  \n  data-dates-check-in-label='Check-in'\n  data-dates-check-out-label='Check-out'\n  data-guests-counter-label='G\u00e4ste'\n  data-guests-input-singular-label='{{NumberOfGuests}} Gast'\n  data-guests-input-plural-label='{{NumberOfGuests}} G\u00e4ste'\n  data-location-input-label='Ort'\n  data-search-button-label='Suche'\n  data-dates-input-min-stay-tooltip-text='{\"one\":\"Mindestens {minStay} Nacht\",\"other\":\"Mindestens {minStay} N\\u00e4chte\"}'\n  data-guests-breakdown-label='G\u00e4ste'\n  data-adults-label='{\"one\":\"Erwachsener\",\"other\":\"Erwachsene\"}'\n  data-adults-description='Alter: {minAge} oder \u00e4lter'\n  data-children-label='{\"one\":\"Kind\",\"other\":\"Kinder\"}'\n  data-children-description='Alter {minAge} \u2013 {maxAge}'\n  data-children-not-allowed-label='Nicht f\u00fcr Kinder geeignet'\n  data-infants-label='{\"one\":\"Kleinkind\",\"other\":\"Kleinkinder\"}'\n  data-infants-description='Unter {maxAge}'\n  data-infants-not-allowed-label='Nicht f\u00fcr Kleinkinder geeignet'\n  data-pets-label='{\"one\":\"Haustier\",\"other\":\"Haustiere\"}'\n  data-pets-not-allowed-label='Nicht erlaubt'\n  data-done-label='Fertig'\n  \n  data-new-tab=\"true\"\n  data-version=\"stable\"\n  data-has-guests-breakdown\n><\/div>\n\n<script src=\"https:\/\/app.lodgify.com\/portable-search-bar\/stable\/renderPortableSearchBar.js\" defer><\/script>\t\t\t\t<\/div>\n\t\t\t\t<\/div>\n\t\t\t\t\t<\/div>\n\t\t\t\t<\/div>\n\t\t<div class=\"elementor-element elementor-element-cc6a519 slide e-flex e-con-boxed e-con e-parent\" data-id=\"cc6a519\" data-element_type=\"container\" data-settings=\"{&quot;background_background&quot;:&quot;classic&quot;}\">\n\t\t\t\t\t<div class=\"e-con-inner\">\n\t\t<div class=\"elementor-element elementor-element-cda5960 e-con-full mobile-snap e-flex e-con e-child\" data-id=\"cda5960\" data-element_type=\"container\" data-settings=\"{&quot;background_background&quot;:&quot;slideshow&quot;,&quot;background_slideshow_gallery&quot;:[],&quot;background_slideshow_loop&quot;:&quot;yes&quot;,&quot;background_slideshow_slide_duration&quot;:5000,&quot;background_slideshow_slide_transition&quot;:&quot;fade&quot;,&quot;background_slideshow_transition_duration&quot;:500}\">\n\t\t\t\t<div class=\"elementor-element elementor-element-645c0fa elementor-widget elementor-widget-image\" data-id=\"645c0fa\" data-element_type=\"widget\" data-widget_type=\"image.default\">\n\t\t\t\t<div class=\"elementor-widget-container\">\n\t\t\t\t\t\t\t\t\t\t\t\t\t\t\t<img fetchpriority=\"high\" decoding=\"async\" width=\"1300\" height=\"900\" src=\"https:\/\/viachiesa15.com\/wp-content\/uploads\/huge17055936618f9b19b3661d721276ae2ee13e771e57.jpg\" class=\"attachment-full size-full wp-image-2694\" alt=\"\" srcset=\"https:\/\/viachiesa15.com\/wp-content\/uploads\/huge17055936618f9b19b3661d721276ae2ee13e771e57.jpg 1300w, https:\/\/viachiesa15.com\/wp-content\/uploads\/huge17055936618f9b19b3661d721276ae2ee13e771e57-300x208.jpg 300w, https:\/\/viachiesa15.com\/wp-content\/uploads\/huge17055936618f9b19b3661d721276ae2ee13e771e57-1024x709.jpg 1024w, https:\/\/viachiesa15.com\/wp-content\/uploads\/huge17055936618f9b19b3661d721276ae2ee13e771e57-768x532.jpg 768w, https:\/\/viachiesa15.com\/wp-content\/uploads\/huge17055936618f9b19b3661d721276ae2ee13e771e57-18x12.jpg 18w\" sizes=\"(max-width: 1300px) 100vw, 1300px\" \/>\t\t\t\t\t\t\t\t\t\t\t\t\t\t\t<\/div>\n\t\t\t\t<\/div>\n\t\t\t\t<\/div>\n\t\t<div class=\"elementor-element elementor-element-e5e2bdf e-con-full mobile-snap e-flex e-con e-child\" data-id=\"e5e2bdf\" data-element_type=\"container\">\n\t\t\t\t<div class=\"elementor-element elementor-element-0b438fc elementor-widget elementor-widget-heading\" data-id=\"0b438fc\" data-element_type=\"widget\" data-widget_type=\"heading.default\">\n\t\t\t\t<div class=\"elementor-widget-container\">\n\t\t\t\t\t<h2 class=\"elementor-heading-title elementor-size-default\">Dolce vita sul lago di Garda<\/h2>\t\t\t\t<\/div>\n\t\t\t\t<\/div>\n\t\t\t\t<div class=\"elementor-element elementor-element-f319967 elementor-widget elementor-widget-text-editor\" data-id=\"f319967\" data-element_type=\"widget\" data-widget_type=\"text-editor.default\">\n\t\t\t\t<div class=\"elementor-widget-container\">\n\t\t\t\t\t\t\t\t\t<p>VIACHIESA15 \u00e8 un elegante rustico a Calmasino, sopra il Lago di Garda, nel centro del paese eppure meravigliosamente rilassato. Un luogo dove lo stile di vita italiano \u00e8 parte integrante della vita quotidiana.<\/p><p>Qui la sveglia pu\u00f2 andare in vacanza: Al mattino sono le campane della chiesa a suonare, seguite poco dopo dal primo espresso nel bar dietro l'angolo. Un caff\u00e8 veloce, uno spritz al sole del pomeriggio o una pizza la sera: tutto \u00e8 a pochi passi. Proprio come in Italia. Ed \u00e8 proprio cos\u00ec che ci si dovrebbe sentire. E se avete voglia di un po' di pace e tranquillit\u00e0: sedetevi sulla terrazza sul tetto, lasciate che il vostro sguardo vaghi sul Lago di Garda e assaporate il momento.<\/p>\t\t\t\t\t\t\t\t<\/div>\n\t\t\t\t<\/div>\n\t\t\t\t<div class=\"elementor-element elementor-element-e03aecf elementor-widget elementor-widget-button\" data-id=\"e03aecf\" data-element_type=\"widget\" data-widget_type=\"button.default\">\n\t\t\t\t<div class=\"elementor-widget-container\">\n\t\t\t\t\t\t\t\t\t<div class=\"elementor-button-wrapper\">\n\t\t\t\t\t<a class=\"elementor-button elementor-button-link elementor-size-sm\" href=\"https:\/\/viachiesa15.com\/it\/ueber-uns\/\">\n\t\t\t\t\t\t<span class=\"elementor-button-content-wrapper\">\n\t\t\t\t\t\t\t\t\t<span class=\"elementor-button-text\">Chi siamo<\/span>\n\t\t\t\t\t<\/span>\n\t\t\t\t\t<\/a>\n\t\t\t\t<\/div>\n\t\t\t\t\t\t\t\t<\/div>\n\t\t\t\t<\/div>\n\t\t\t\t<\/div>\n\t\t\t\t\t<\/div>\n\t\t\t\t<\/div>\n\t\t<div class=\"elementor-element elementor-element-685abca slide e-flex e-con-boxed e-con e-parent\" data-id=\"685abca\" data-element_type=\"container\" data-settings=\"{&quot;background_background&quot;:&quot;classic&quot;}\">\n\t\t\t\t\t<div class=\"e-con-inner\">\n\t\t<div class=\"elementor-element elementor-element-51b2a65 e-con-full mobile-snap e-flex e-con e-child\" data-id=\"51b2a65\" data-element_type=\"container\">\n\t\t\t\t<div class=\"elementor-element elementor-element-cc9bfe6 elementor-widget elementor-widget-heading\" data-id=\"cc9bfe6\" data-element_type=\"widget\" data-widget_type=\"heading.default\">\n\t\t\t\t<div class=\"elementor-widget-container\">\n\t\t\t\t\t<h2 class=\"elementor-heading-title elementor-size-default\">Chic italiano. Un relax senza tempo.<\/h2>\t\t\t\t<\/div>\n\t\t\t\t<\/div>\n\t\t\t\t<div class=\"elementor-element elementor-element-647c9e0 elementor-widget elementor-widget-text-editor\" data-id=\"647c9e0\" data-element_type=\"widget\" data-widget_type=\"text-editor.default\">\n\t\t\t\t<div class=\"elementor-widget-container\">\n\t\t\t\t\t\t\t\t\t<p class=\"p1\">Materiali di alta qualit\u00e0, linee chiare e dettagli curati creano un'atmosfera al tempo stesso moderna e calda. VIACHIESA15 non \u00e8 una classica casa per le vacanze, ma un rifugio - progettato con cura, arredato in modo confortevole e ideale per chi apprezza lo stile anche in vacanza.<\/p>\t\t\t\t\t\t\t\t<\/div>\n\t\t\t\t<\/div>\n\t\t\t\t<div class=\"elementor-element elementor-element-ee92df0 elementor-widget elementor-widget-button\" data-id=\"ee92df0\" data-element_type=\"widget\" data-widget_type=\"button.default\">\n\t\t\t\t<div class=\"elementor-widget-container\">\n\t\t\t\t\t\t\t\t\t<div class=\"elementor-button-wrapper\">\n\t\t\t\t\t<a class=\"elementor-button elementor-button-link elementor-size-sm\" href=\"https:\/\/viachiesa15.com\/it\/das-rustico\/\">\n\t\t\t\t\t\t<span class=\"elementor-button-content-wrapper\">\n\t\t\t\t\t\t\t\t\t<span class=\"elementor-button-text\">Scoprire il Rustico<\/span>\n\t\t\t\t\t<\/span>\n\t\t\t\t\t<\/a>\n\t\t\t\t<\/div>\n\t\t\t\t\t\t\t\t<\/div>\n\t\t\t\t<\/div>\n\t\t\t\t<\/div>\n\t\t<div class=\"elementor-element elementor-element-a1503dc e-con-full mobile-snap e-flex e-con e-child\" data-id=\"a1503dc\" data-element_type=\"container\" data-settings=\"{&quot;background_background&quot;:&quot;slideshow&quot;,&quot;background_slideshow_gallery&quot;:[],&quot;background_slideshow_loop&quot;:&quot;yes&quot;,&quot;background_slideshow_slide_duration&quot;:5000,&quot;background_slideshow_slide_transition&quot;:&quot;fade&quot;,&quot;background_slideshow_transition_duration&quot;:500}\">\n\t\t\t\t<div class=\"elementor-element elementor-element-4e07d40 elementor-widget elementor-widget-image\" data-id=\"4e07d40\" data-element_type=\"widget\" data-widget_type=\"image.default\">\n\t\t\t\t<div class=\"elementor-widget-container\">\n\t\t\t\t\t\t\t\t\t\t\t\t\t\t\t<img decoding=\"async\" width=\"1300\" height=\"900\" src=\"https:\/\/viachiesa15.com\/wp-content\/uploads\/huge1705593668922b465f0ee8ec72dd07ac7f98991fa1.jpg\" class=\"attachment-full size-full wp-image-2695\" alt=\"\" srcset=\"https:\/\/viachiesa15.com\/wp-content\/uploads\/huge1705593668922b465f0ee8ec72dd07ac7f98991fa1.jpg 1300w, https:\/\/viachiesa15.com\/wp-content\/uploads\/huge1705593668922b465f0ee8ec72dd07ac7f98991fa1-300x208.jpg 300w, https:\/\/viachiesa15.com\/wp-content\/uploads\/huge1705593668922b465f0ee8ec72dd07ac7f98991fa1-1024x709.jpg 1024w, https:\/\/viachiesa15.com\/wp-content\/uploads\/huge1705593668922b465f0ee8ec72dd07ac7f98991fa1-768x532.jpg 768w, https:\/\/viachiesa15.com\/wp-content\/uploads\/huge1705593668922b465f0ee8ec72dd07ac7f98991fa1-18x12.jpg 18w\" sizes=\"(max-width: 1300px) 100vw, 1300px\" \/>\t\t\t\t\t\t\t\t\t\t\t\t\t\t\t<\/div>\n\t\t\t\t<\/div>\n\t\t\t\t<\/div>\n\t\t\t\t\t<\/div>\n\t\t\t\t<\/div>\n\t\t<div class=\"elementor-element elementor-element-4e64869 slide e-flex e-con-boxed e-con e-parent\" data-id=\"4e64869\" data-element_type=\"container\" data-settings=\"{&quot;background_background&quot;:&quot;classic&quot;}\">\n\t\t\t\t\t<div class=\"e-con-inner\">\n\t\t<div class=\"elementor-element elementor-element-11df002 e-con-full mobile-snap e-flex e-con e-child\" data-id=\"11df002\" data-element_type=\"container\" data-settings=\"{&quot;background_background&quot;:&quot;slideshow&quot;,&quot;background_slideshow_gallery&quot;:[],&quot;background_slideshow_loop&quot;:&quot;yes&quot;,&quot;background_slideshow_slide_duration&quot;:5000,&quot;background_slideshow_slide_transition&quot;:&quot;fade&quot;,&quot;background_slideshow_transition_duration&quot;:500}\">\n\t\t\t\t<div class=\"elementor-element elementor-element-aad592d elementor-widget elementor-widget-image\" data-id=\"aad592d\" data-element_type=\"widget\" data-widget_type=\"image.default\">\n\t\t\t\t<div class=\"elementor-widget-container\">\n\t\t\t\t\t\t\t\t\t\t\t\t\t\t\t<img decoding=\"async\" width=\"1300\" height=\"900\" src=\"https:\/\/viachiesa15.com\/wp-content\/uploads\/huge1705593684503ba60a4f3f410ce1fe90e3387c136c.jpg\" class=\"attachment-full size-full wp-image-2696\" alt=\"\" srcset=\"https:\/\/viachiesa15.com\/wp-content\/uploads\/huge1705593684503ba60a4f3f410ce1fe90e3387c136c.jpg 1300w, https:\/\/viachiesa15.com\/wp-content\/uploads\/huge1705593684503ba60a4f3f410ce1fe90e3387c136c-300x208.jpg 300w, https:\/\/viachiesa15.com\/wp-content\/uploads\/huge1705593684503ba60a4f3f410ce1fe90e3387c136c-1024x709.jpg 1024w, https:\/\/viachiesa15.com\/wp-content\/uploads\/huge1705593684503ba60a4f3f410ce1fe90e3387c136c-768x532.jpg 768w, https:\/\/viachiesa15.com\/wp-content\/uploads\/huge1705593684503ba60a4f3f410ce1fe90e3387c136c-18x12.jpg 18w\" sizes=\"(max-width: 1300px) 100vw, 1300px\" \/>\t\t\t\t\t\t\t\t\t\t\t\t\t\t\t<\/div>\n\t\t\t\t<\/div>\n\t\t\t\t<\/div>\n\t\t<div class=\"elementor-element elementor-element-10b99be e-con-full mobile-snap e-flex e-con e-child\" data-id=\"10b99be\" data-element_type=\"container\">\n\t\t\t\t<div class=\"elementor-element elementor-element-6c310e0 elementor-widget elementor-widget-heading\" data-id=\"6c310e0\" data-element_type=\"widget\" data-widget_type=\"heading.default\">\n\t\t\t\t<div class=\"elementor-widget-container\">\n\t\t\t\t\t<h2 class=\"elementor-heading-title elementor-size-default\">Vacanze con il cane. <br>Senza compromessi.<\/h2>\t\t\t\t<\/div>\n\t\t\t\t<\/div>\n\t\t\t\t<div class=\"elementor-element elementor-element-4a2ffdc elementor-widget elementor-widget-text-editor\" data-id=\"4a2ffdc\" data-element_type=\"widget\" data-widget_type=\"text-editor.default\">\n\t\t\t\t<div class=\"elementor-widget-container\">\n\t\t\t\t\t\t\t\t\t<p class=\"p1\">Al VIACHIESA15 i cani non solo sono ammessi, ma sono espressamente benvenuti. Passeggiate, natura e tanto spazio per stare insieme fanno di Calmasino il luogo ideale per una vacanza con il cane. Rilassato, semplice e adatto ai cani: proprio come dovrebbe essere una vacanza.<\/p>\t\t\t\t\t\t\t\t<\/div>\n\t\t\t\t<\/div>\n\t\t\t\t<div class=\"elementor-element elementor-element-5d2a235 elementor-widget elementor-widget-button\" data-id=\"5d2a235\" data-element_type=\"widget\" data-widget_type=\"button.default\">\n\t\t\t\t<div class=\"elementor-widget-container\">\n\t\t\t\t\t\t\t\t\t<div class=\"elementor-button-wrapper\">\n\t\t\t\t\t<a class=\"elementor-button elementor-button-link elementor-size-sm\" href=\"https:\/\/viachiesa15.com\/it\/urlaub-mit-hund\/\">\n\t\t\t\t\t\t<span class=\"elementor-button-content-wrapper\">\n\t\t\t\t\t\t\t\t\t<span class=\"elementor-button-text\">Vacanze con il cane<\/span>\n\t\t\t\t\t<\/span>\n\t\t\t\t\t<\/a>\n\t\t\t\t<\/div>\n\t\t\t\t\t\t\t\t<\/div>\n\t\t\t\t<\/div>\n\t\t\t\t<\/div>\n\t\t\t\t\t<\/div>\n\t\t\t\t<\/div>\n\t\t\t\t<\/div>","protected":false},"excerpt":{"rendered":"<p>Ciao, belli! Dolce Vita am Gardasee VIACHIESA15 ist ein stilvolles Rustico in Calmasino, oberhalb des Gardasees \u2013 mitten im Ort und doch wunderbar entspannt. Ein Ort, an dem italienische Lebensart ganz selbstverst\u00e4ndlich zum Alltag geh\u00f6rt. Der Wecker darf hier Urlaub machen: Morgens \u00fcbernehmen das die Kirchenglocken, kurz darauf lockt der erste Espresso in der Bar [&hellip;]<\/p>","protected":false},"author":1,"featured_media":0,"parent":0,"menu_order":0,"comment_status":"closed","ping_status":"closed","template":"","meta":{"inline_featured_image":false,"footnotes":""},"class_list":["post-1764","page","type-page","status-publish","hentry"],"_hostinger_reach_plugin_has_subscription_block":false,"_hostinger_reach_plugin_is_elementor":false,"_links":{"self":[{"href":"https:\/\/viachiesa15.com\/it\/wp-json\/wp\/v2\/pages\/1764","targetHints":{"allow":["GET"]}}],"collection":[{"href":"https:\/\/viachiesa15.com\/it\/wp-json\/wp\/v2\/pages"}],"about":[{"href":"https:\/\/viachiesa15.com\/it\/wp-json\/wp\/v2\/types\/page"}],"author":[{"embeddable":true,"href":"https:\/\/viachiesa15.com\/it\/wp-json\/wp\/v2\/users\/1"}],"replies":[{"embeddable":true,"href":"https:\/\/viachiesa15.com\/it\/wp-json\/wp\/v2\/comments?post=1764"}],"version-history":[{"count":430,"href":"https:\/\/viachiesa15.com\/it\/wp-json\/wp\/v2\/pages\/1764\/revisions"}],"predecessor-version":[{"id":2941,"href":"https:\/\/viachiesa15.com\/it\/wp-json\/wp\/v2\/pages\/1764\/revisions\/2941"}],"wp:attachment":[{"href":"https:\/\/viachiesa15.com\/it\/wp-json\/wp\/v2\/media?parent=1764"}],"curies":[{"name":"wp","href":"https:\/\/api.w.org\/{rel}","templated":true}]}}