{"id":2902,"date":"2026-02-07T16:26:19","date_gmt":"2026-02-07T16:26:19","guid":{"rendered":"https:\/\/viachiesa15.com\/?page_id=2902"},"modified":"2026-02-11T17:03:02","modified_gmt":"2026-02-11T17:03:02","slug":"calmasino","status":"publish","type":"page","link":"https:\/\/viachiesa15.com\/en\/calmasino\/","title":{"rendered":"Calmasino and surroundings"},"content":{"rendered":"<div data-elementor-type=\"wp-page\" data-elementor-id=\"2902\" class=\"elementor elementor-2902\" data-elementor-settings=\"{&quot;scroll_snap&quot;:&quot;yes&quot;}\" data-elementor-post-type=\"page\">\n\t\t\t\t<div class=\"elementor-element elementor-element-0ded07d e-flex e-con-boxed e-con e-parent\" data-id=\"0ded07d\" data-element_type=\"container\" data-settings=\"{&quot;background_background&quot;:&quot;slideshow&quot;,&quot;background_slideshow_gallery&quot;:[{&quot;id&quot;:2952,&quot;url&quot;:&quot;http:\\\/\\\/viachiesa15.com\\\/wp-content\\\/uploads\\\/146C089E-A299-49E6-B6C0-04FB810819D6.png&quot;}],&quot;background_slideshow_loop&quot;:&quot;yes&quot;,&quot;background_slideshow_slide_duration&quot;:5000,&quot;background_slideshow_slide_transition&quot;:&quot;fade&quot;,&quot;background_slideshow_transition_duration&quot;:500}\">\n\t\t\t\t\t<div class=\"e-con-inner\">\n\t\t\t\t<div class=\"elementor-element elementor-element-6ac3b93 elementor-widget__width-inherit elementor-widget elementor-widget-heading\" data-id=\"6ac3b93\" data-element_type=\"widget\" data-widget_type=\"heading.default\">\n\t\t\t\t<div class=\"elementor-widget-container\">\n\t\t\t\t\t<h1 class=\"elementor-heading-title elementor-size-default\">Calmasino and surroundings<\/h1>\t\t\t\t<\/div>\n\t\t\t\t<\/div>\n\t\t\t\t<div class=\"elementor-element elementor-element-35c021f elementor-widget elementor-widget-html\" data-id=\"35c021f\" data-element_type=\"widget\" data-widget_type=\"html.default\">\n\t\t\t\t<div class=\"elementor-widget-container\">\n\t\t\t\t\t<style>\n  :root {\n    --ldg-psb-button-border-radius: 0.42em;\n    --ldg-psb-color-primary: #e9406a;\n    --ldg-psb-color-primary-lighter:#f4a0b5;\n    --ldg-psb-color-primary-darker: #752035;\n    --ldg-psb-color-primary-contrast: #ffffff;\n    --ldg-semantic-color-primary:  #e9406a;\n    --ldg-semantic-color-primary-lighter: #f4a0b5;\n    --ldg-semantic-color-primary-darker: #752035;\n    --ldg-semantic-color-primary-contrast: #ffffff !important;\n    --ldg-component-modal-z-index: 999;\n  }\n  #lodgify-search-bar {\n    width:100%;\n  }\n<\/style>\n<div\n  id=\"lodgify-search-bar\"\n  data-website-id=\"624199\"\n  data-language-code=\"de\"\n  data-checkout-page-url='https:\/\/checkout.lodgify.com\/viachiesa15\/de\/#\/759493'\n  \n  data-dates-check-in-label='Check-in'\n  data-dates-check-out-label='Check-out'\n  data-guests-counter-label='G\u00e4ste'\n  data-guests-input-singular-label='{{NumberOfGuests}} Gast'\n  data-guests-input-plural-label='{{NumberOfGuests}} G\u00e4ste'\n  data-location-input-label='Ort'\n  data-search-button-label='Suche'\n  data-dates-input-min-stay-tooltip-text='{\"one\":\"Mindestens {minStay} Nacht\",\"other\":\"Mindestens {minStay} N\\u00e4chte\"}'\n  data-guests-breakdown-label='G\u00e4ste'\n  data-adults-label='{\"one\":\"Erwachsener\",\"other\":\"Erwachsene\"}'\n  data-adults-description='Alter: {minAge} oder \u00e4lter'\n  data-children-label='{\"one\":\"Kind\",\"other\":\"Kinder\"}'\n  data-children-description='Alter {minAge} \u2013 {maxAge}'\n  data-children-not-allowed-label='Nicht f\u00fcr Kinder geeignet'\n  data-infants-label='{\"one\":\"Kleinkind\",\"other\":\"Kleinkinder\"}'\n  data-infants-description='Unter {maxAge}'\n  data-infants-not-allowed-label='Nicht f\u00fcr Kleinkinder geeignet'\n  data-pets-label='{\"one\":\"Haustier\",\"other\":\"Haustiere\"}'\n  data-pets-not-allowed-label='Nicht erlaubt'\n  data-done-label='Fertig'\n  \n  data-new-tab=\"true\"\n  data-version=\"stable\"\n  data-has-guests-breakdown\n><\/div>\n\n<script src=\"https:\/\/app.lodgify.com\/portable-search-bar\/stable\/renderPortableSearchBar.js\" defer><\/script>\t\t\t\t<\/div>\n\t\t\t\t<\/div>\n\t\t\t\t\t<\/div>\n\t\t\t\t<\/div>\n\t\t<div class=\"elementor-element elementor-element-685abca slide e-flex e-con-boxed e-con e-parent\" data-id=\"685abca\" data-element_type=\"container\" data-settings=\"{&quot;background_background&quot;:&quot;classic&quot;}\">\n\t\t\t\t\t<div class=\"e-con-inner\">\n\t\t<div class=\"elementor-element elementor-element-51b2a65 e-con-full mobile-snap e-flex e-con e-child\" data-id=\"51b2a65\" data-element_type=\"container\">\n\t\t\t\t<div class=\"elementor-element elementor-element-6b1f577 elementor-widget elementor-widget-text-editor\" data-id=\"6b1f577\" data-element_type=\"widget\" data-widget_type=\"text-editor.default\">\n\t\t\t\t<div class=\"elementor-widget-container\">\n\t\t\t\t\t\t\t\t\t<p>Especially beautiful with <strong>VIACHIESA15<\/strong> is that all these places are within walking distance - you rarely need the car once you arrive in Calmasino. This allows you to experience the village and its cozy atmosphere in a relaxed manner.<\/p><p><span style=\"text-decoration: underline;\"><strong><a href=\"https:\/\/maps.app.goo.gl\/o7hekwKSCnCwK9Wc8\" target=\"_blank\" rel=\"noopener\">Bar Centrale<\/a><\/strong><\/span> - For a classic Spritz or a hearty toast after a hike. A place where locals and guests alike meet.<\/p><p><span style=\"text-decoration: underline;\"><strong><a href=\"https:\/\/maps.app.goo.gl\/oJge6TD5JECxdjCh7\" target=\"_blank\" rel=\"noopener\">Il Caminetto<\/a><\/strong><\/span> - A wonderful address for pizza and homemade wine in the beautiful courtyard - informal, authentic and cozy.<\/p><p><a href=\"https:\/\/maps.app.goo.gl\/TNaarEpQcLf6U3ZP6\" target=\"_blank\" rel=\"noopener\"><strong><span style=\"text-decoration: underline;\">Ristorante La Taverna del Borgo<\/span><\/strong><\/a> - Perfect for an extended dinner with several courses and regional specialties.<\/p>\t\t\t\t\t\t\t\t<\/div>\n\t\t\t\t<\/div>\n\t\t\t\t<\/div>\n\t\t<div class=\"elementor-element elementor-element-a1503dc e-con-full mobile-snap e-flex e-con e-child\" data-id=\"a1503dc\" data-element_type=\"container\" data-settings=\"{&quot;background_background&quot;:&quot;slideshow&quot;,&quot;background_slideshow_gallery&quot;:[],&quot;background_slideshow_loop&quot;:&quot;yes&quot;,&quot;background_slideshow_slide_duration&quot;:5000,&quot;background_slideshow_slide_transition&quot;:&quot;fade&quot;,&quot;background_slideshow_transition_duration&quot;:500}\">\n\t\t\t\t<div class=\"elementor-element elementor-element-4e07d40 elementor-widget elementor-widget-image\" data-id=\"4e07d40\" data-element_type=\"widget\" data-widget_type=\"image.default\">\n\t\t\t\t<div class=\"elementor-widget-container\">\n\t\t\t\t\t\t\t\t\t\t\t\t\t\t\t<img fetchpriority=\"high\" decoding=\"async\" width=\"2557\" height=\"2560\" src=\"https:\/\/viachiesa15.com\/wp-content\/uploads\/bar-centrale-calmasino-scaled.jpg\" class=\"attachment-full size-full wp-image-2912\" alt=\"\" srcset=\"https:\/\/viachiesa15.com\/wp-content\/uploads\/bar-centrale-calmasino-scaled.jpg 2557w, https:\/\/viachiesa15.com\/wp-content\/uploads\/bar-centrale-calmasino-300x300.jpg 300w, https:\/\/viachiesa15.com\/wp-content\/uploads\/bar-centrale-calmasino-1024x1024.jpg 1024w, https:\/\/viachiesa15.com\/wp-content\/uploads\/bar-centrale-calmasino-150x150.jpg 150w, https:\/\/viachiesa15.com\/wp-content\/uploads\/bar-centrale-calmasino-768x769.jpg 768w, https:\/\/viachiesa15.com\/wp-content\/uploads\/bar-centrale-calmasino-1534x1536.jpg 1534w, https:\/\/viachiesa15.com\/wp-content\/uploads\/bar-centrale-calmasino-2046x2048.jpg 2046w, https:\/\/viachiesa15.com\/wp-content\/uploads\/bar-centrale-calmasino-12x12.jpg 12w\" sizes=\"(max-width: 2557px) 100vw, 2557px\" \/>\t\t\t\t\t\t\t\t\t\t\t\t\t\t\t<\/div>\n\t\t\t\t<\/div>\n\t\t\t\t<\/div>\n\t\t\t\t\t<\/div>\n\t\t\t\t<\/div>\n\t\t<div class=\"elementor-element elementor-element-4e64869 slide e-flex e-con-boxed e-con e-parent\" data-id=\"4e64869\" data-element_type=\"container\" data-settings=\"{&quot;background_background&quot;:&quot;classic&quot;}\">\n\t\t\t\t\t<div class=\"e-con-inner\">\n\t\t<div class=\"elementor-element elementor-element-11df002 e-con-full mobile-snap e-flex e-con e-child\" data-id=\"11df002\" data-element_type=\"container\" data-settings=\"{&quot;background_background&quot;:&quot;slideshow&quot;,&quot;background_slideshow_gallery&quot;:[{&quot;id&quot;:2908,&quot;url&quot;:&quot;http:\\\/\\\/viachiesa15.com\\\/wp-content\\\/uploads\\\/calmasino-gassi-scaled.jpg&quot;}],&quot;background_slideshow_loop&quot;:&quot;yes&quot;,&quot;background_slideshow_slide_duration&quot;:5000,&quot;background_slideshow_slide_transition&quot;:&quot;fade&quot;,&quot;background_slideshow_transition_duration&quot;:500}\">\n\t\t\t\t<\/div>\n\t\t<div class=\"elementor-element elementor-element-10b99be e-con-full mobile-snap e-flex e-con e-child\" data-id=\"10b99be\" data-element_type=\"container\">\n\t\t\t\t<div class=\"elementor-element elementor-element-f31b0f2 elementor-widget elementor-widget-text-editor\" data-id=\"f31b0f2\" data-element_type=\"widget\" data-widget_type=\"text-editor.default\">\n\t\t\t\t<div class=\"elementor-widget-container\">\n\t\t\t\t\t\t\t\t\t<p><span style=\"text-decoration: underline;\"><a href=\"https:\/\/maps.app.goo.gl\/ta5NbtS8WDf3qSpdA\" target=\"_blank\" rel=\"noopener\"><strong>Panificio Contolini<\/strong><\/a><\/span> - The local bakery for fresh bread in the morning or a small snack on the go.<\/p><p><span style=\"text-decoration: underline;\"><a href=\"https:\/\/maps.app.goo.gl\/hFKtMsAsjJCwkqJX8\" target=\"_blank\" rel=\"noopener\"><strong>Bar &amp; Pasticceria La Briocolina<\/strong><\/a><\/span> - A wonderful place for an ice cream or delicious pastry at any time of day.<\/p><p><span style=\"text-decoration: underline;\"><a href=\"https:\/\/verona.campagnamica.it\/mercati\/calmasino\/\" target=\"_blank\" rel=\"noopener\"><strong>Saturday market<\/strong><\/a><\/span> - The weekly market takes place once a week in Calmasino - ideal for fresh produce, local specialties and a bit of Italian market hustle and bustle.<\/p><p><span style=\"text-decoration: underline;\"><a href=\"https:\/\/maps.app.goo.gl\/i6DGWso9QLAWNtYY9\" target=\"_blank\" rel=\"noopener\"><strong>Playground &amp; sports field<\/strong><\/a><\/span> - Just a few minutes away, ideal for families or for getting active.<\/p><p><strong>Jogging laps<\/strong> - on the Via Costabella down to the lake and then towards Garda or around Calmasino through the vineyards<\/p><p>The best hikes <span style=\"text-decoration: underline;\"><strong><a href=\"https:\/\/de.wikiloc.com\/routen\/wandern\/italien\/venetien\/calmasino\" target=\"_blank\" rel=\"noopener\">you can find here<\/a><\/strong><\/span><\/p>\t\t\t\t\t\t\t\t<\/div>\n\t\t\t\t<\/div>\n\t\t\t\t<\/div>\n\t\t\t\t\t<\/div>\n\t\t\t\t<\/div>\n\t\t\t\t<\/div>","protected":false},"excerpt":{"rendered":"<p>Calmasino und Umgebung Besonders sch\u00f6n bei VIACHIESA15 ist, dass all diese Orte zu Fu\u00df erreichbar sind \u2013 du brauchst das Auto selten, wenn du einmal in Calmasino angekommen bist. So l\u00e4sst sich das D\u00f6rfchen und seine gem\u00fctliche Atmosph\u00e4re entspannt erleben. Bar Centrale \u2013 F\u00fcr den klassischen Spritz oder einen herzhaften Toast nach einer Wanderung. Ein [&hellip;]<\/p>","protected":false},"author":5,"featured_media":0,"parent":0,"menu_order":0,"comment_status":"closed","ping_status":"closed","template":"","meta":{"inline_featured_image":false,"footnotes":""},"class_list":["post-2902","page","type-page","status-publish","hentry"],"_hostinger_reach_plugin_has_subscription_block":false,"_hostinger_reach_plugin_is_elementor":false,"_links":{"self":[{"href":"https:\/\/viachiesa15.com\/en\/wp-json\/wp\/v2\/pages\/2902","targetHints":{"allow":["GET"]}}],"collection":[{"href":"https:\/\/viachiesa15.com\/en\/wp-json\/wp\/v2\/pages"}],"about":[{"href":"https:\/\/viachiesa15.com\/en\/wp-json\/wp\/v2\/types\/page"}],"author":[{"embeddable":true,"href":"https:\/\/viachiesa15.com\/en\/wp-json\/wp\/v2\/users\/5"}],"replies":[{"embeddable":true,"href":"https:\/\/viachiesa15.com\/en\/wp-json\/wp\/v2\/comments?post=2902"}],"version-history":[{"count":36,"href":"https:\/\/viachiesa15.com\/en\/wp-json\/wp\/v2\/pages\/2902\/revisions"}],"predecessor-version":[{"id":2955,"href":"https:\/\/viachiesa15.com\/en\/wp-json\/wp\/v2\/pages\/2902\/revisions\/2955"}],"wp:attachment":[{"href":"https:\/\/viachiesa15.com\/en\/wp-json\/wp\/v2\/media?parent=2902"}],"curies":[{"name":"wp","href":"https:\/\/api.w.org\/{rel}","templated":true}]}}